{"id":14319,"date":"2021-06-15T14:48:32","date_gmt":"2021-06-15T13:48:32","guid":{"rendered":"https:\/\/famatoyz.com\/sobre-nos\/"},"modified":"2022-03-19T17:09:17","modified_gmt":"2022-03-19T17:09:17","slug":"sobre-nosotros","status":"publish","type":"page","link":"https:\/\/famatoyz.com\/es\/sobre-nosotros\/","title":{"rendered":"Sobre nosotros"},"content":{"rendered":"<div class=\"wpb-content-wrapper\"><p>[vc_row content_placement=\u00bbmiddle\u00bb mobile_bg_img_hidden=\u00bbno\u00bb tablet_bg_img_hidden=\u00bbno\u00bb woodmart_parallax=\u00bb0&#8243; woodmart_gradient_switch=\u00bbno\u00bb row_reverse_mobile=\u00bb0&#8243; row_reverse_tablet=\u00bb0&#8243; woodmart_disable_overflow=\u00bb0&#8243;][vc_column][vc_column_text woodmart_inline=\u00bbno\u00bb text_larger=\u00bbno\u00bb]FAMA TOYZ naci\u00f3 de nuestra pasi\u00f3n por los autom\u00f3viles. Todo empez\u00f3 cuando en febrero de 2019 adquirimos un Seat Marbella Trof\u00e9u. Nuestra idea era devolverle al coche su antiguo esplendor en los rallyes de finales de los 80, principios de los 90. ejando el coche original, pero con el aspecto que ten\u00edan en la \u00e9poca de la famosa competici\u00f3n \u201cTrofeo Seat Marbella\u201d. As\u00ed fue, el coche se restaur\u00f3 durante todo el a\u00f1o, pero durante ese mismo a\u00f1o surgi\u00f3 otra pasi\u00f3n, las miniaturas. Empezamos (como la mayor\u00eda de los coleccionistas) con los Hot Wheels (mainline) por su bajo coste y por ser los que se encontraban m\u00e1s f\u00e1cilmente en superficies comerciales. Sin embargo, a medida que se desarrollaba el proyecto de Marbella, tambi\u00e9n aumentaban las miniaturas y con ello nuestro conocimiento e inter\u00e9s por este mundo del coleccionismo!<br \/>\nDespois de la restauraci\u00f3n, nuestro objetivo era claro: vender el Marbella Trof\u00e9u para poder seguir adelante con otro proyecto, que en nuestra mente ser\u00eda otro coche! Fue entonces que, a finales de 2020, en una de nuestras \u201ccacer\u00edas\u201d de Hot Wheels, surgi\u00f3 una conversaci\u00f3n sobre lo dif\u00edcil que es a veces encontrar los modelos que buscamos, el art\u00edculo que todos buscan, ese todo el mundo habla, que todo el mundo ans\u00eda tener y que por eso sale de casa una, dos, tres veces, sin saber si lo encontrar\u00e1, sin saber si el tiempo que va a perder lo compensar\u00e1 o si termina en otra b\u00fasqueda \u201cfrustrada\u201d (que es parte de ella) pero qu\u00e9 aliado a eso todav\u00eda nos hizo gastar dinero en combustible y una vez m\u00e1s, nos hizo perder tiempo en el que terminamos regresando a casa con las manos vac\u00edas. Fue entonces con este lema que naci\u00f3 el proyecto FAMA TOYZ, queremos ofrecer a los coleccionistas lo que est\u00e1n buscando y que no necesitan mucho! \u00a1Todo a un clic de distancia en nuestra tienda! Sabemos que los comienzos son complicados. No tendremos inicialmente todo el stock que quer\u00edamos ni las cantidades deseadas. Sin embargo, con determinaci\u00f3n y compromiso, sabemos que ser\u00e1 cuesti\u00f3n de tiempo poder dar respuesta a las necesidades de todos los coleccionistas que, como nosotros, buscan necesidades espec\u00edficas en este mercado y del que FAMA TOYZ quiere formar parte como soluci\u00f3n!<br \/>\nQueremos crecer y aprender de todos ustedes y siempre estamos disponibles para recibirlos en nuestras instalaciones, ya sea para comprar, charlar o incluso compartir experiencias! \u00a1Todo para que esta afici\u00f3n nuestra siga creciendo sana y con m\u00e1s y m\u00e1s fans!<\/p>\n<p>\u00a1Buenas compras!<br \/>\nTu equipo,<br \/>\nFAMA TOYZ[\/vc_column_text][\/vc_column][\/vc_row]<\/p>\n<\/div>","protected":false},"excerpt":{"rendered":"<p>[vc_row content_placement=\u00bbmiddle\u00bb mobile_bg_img_hidden=\u00bbno\u00bb tablet_bg_img_hidden=\u00bbno\u00bb woodmart_parallax=\u00bb0&#8243; woodmart_gradient_switch=\u00bbno\u00bb row_reverse_mobile=\u00bb0&#8243; row_reverse_tablet=\u00bb0&#8243; woodmart_disable_overflow=\u00bb0&#8243;][vc_column][vc_column_text woodmart_inline=\u00bbno\u00bb text_larger=\u00bbno\u00bb]FAMA TOYZ naci\u00f3 de nuestra pasi\u00f3n por los autom\u00f3viles. Todo<\/p>\n","protected":false},"author":1,"featured_media":0,"parent":0,"menu_order":0,"comment_status":"closed","ping_status":"closed","template":"","meta":{"_joinchat":[],"footnotes":""},"class_list":["post-14319","page","type-page","status-publish","hentry"],"_links":{"self":[{"href":"https:\/\/famatoyz.com\/es\/wp-json\/wp\/v2\/pages\/14319","targetHints":{"allow":["GET"]}}],"collection":[{"href":"https:\/\/famatoyz.com\/es\/wp-json\/wp\/v2\/pages"}],"about":[{"href":"https:\/\/famatoyz.com\/es\/wp-json\/wp\/v2\/types\/page"}],"author":[{"embeddable":true,"href":"https:\/\/famatoyz.com\/es\/wp-json\/wp\/v2\/users\/1"}],"replies":[{"embeddable":true,"href":"https:\/\/famatoyz.com\/es\/wp-json\/wp\/v2\/comments?post=14319"}],"version-history":[{"count":3,"href":"https:\/\/famatoyz.com\/es\/wp-json\/wp\/v2\/pages\/14319\/revisions"}],"predecessor-version":[{"id":15393,"href":"https:\/\/famatoyz.com\/es\/wp-json\/wp\/v2\/pages\/14319\/revisions\/15393"}],"wp:attachment":[{"href":"https:\/\/famatoyz.com\/es\/wp-json\/wp\/v2\/media?parent=14319"}],"curies":[{"name":"wp","href":"https:\/\/api.w.org\/{rel}","templated":true}]}}