{"id":15397,"date":"2021-06-15T14:52:44","date_gmt":"2021-06-15T13:52:44","guid":{"rendered":"https:\/\/famatoyz.com\/metodos-de-pagamento\/"},"modified":"2022-03-19T17:20:01","modified_gmt":"2022-03-19T17:20:01","slug":"metodos-de-pago","status":"publish","type":"page","link":"https:\/\/famatoyz.com\/es\/metodos-de-pago\/","title":{"rendered":"M\u00e9todos de pago"},"content":{"rendered":"<div class=\"wpb-content-wrapper\"><p>[vc_row][vc_column width=\u00bb1\/2&#8243;][vc_column_text woodmart_inline=\u00bbno\u00bb text_larger=\u00bbno\u00bb]<span style=\"font-weight: 400;\">\u00a0\u00a0<img loading=\"lazy\" decoding=\"async\" class=\"\" src=\"https:\/\/upload.wikimedia.org\/wikipedia\/commons\/thumb\/4\/46\/Multibanco.svg\/1200px-Multibanco.svg.png\" alt=\"Ficheiro:Multibanco.svg \u2013 Wikip\u00e9dia, a enciclop\u00e9dia livre\" width=\"66\" height=\"77\" \/>\u00a0 \u00a0 <img loading=\"lazy\" decoding=\"async\" class=\"alignnone wp-image-7731\" src=\"https:\/\/famatoyz.com\/wp-content\/uploads\/2021\/06\/ifthenpay-logo.png\" alt=\"\" width=\"200\" height=\"52\" srcset=\"https:\/\/famatoyz.com\/wp-content\/uploads\/2021\/06\/ifthenpay-logo.png 154w, https:\/\/famatoyz.com\/wp-content\/uploads\/2021\/06\/ifthenpay-logo-150x39.png 150w\" sizes=\"auto, (max-width: 200px) 100vw, 200px\" \/><\/span><\/p>\n<p>Paga tus pedidos c\u00f3modamente en cualquier m\u00e1quina de pago autom\u00e1tico o mediante homebanking. Al elegir esta opci\u00f3n se generar\u00e1 una referencia y una entidad y simplemente seleccionar la opci\u00f3n \u201cPago por Servicios\u201d o \u201cPago por Compras\u201d en el cajero o homebanking mencionado. Las referencias son generadas por la plataforma ifthenpay.[\/vc_column_text][\/vc_column][vc_column width=\u00bb1\/2&#8243;][vc_column_text woodmart_inline=\u00bbno\u00bb text_larger=\u00bbno\u00bb]<span style=\"font-weight: 400;\">\u00a0\u00a0<img loading=\"lazy\" decoding=\"async\" class=\"alignnone wp-image-7733\" src=\"https:\/\/famatoyz.com\/wp-content\/uploads\/2021\/06\/mbway.png\" alt=\"\" width=\"115\" height=\"56\" \/>\u00a0 \u00a0 <img loading=\"lazy\" decoding=\"async\" class=\"alignnone wp-image-7731\" src=\"https:\/\/famatoyz.com\/wp-content\/uploads\/2021\/06\/ifthenpay-logo.png\" alt=\"\" width=\"193\" height=\"50\" srcset=\"https:\/\/famatoyz.com\/wp-content\/uploads\/2021\/06\/ifthenpay-logo.png 154w, https:\/\/famatoyz.com\/wp-content\/uploads\/2021\/06\/ifthenpay-logo-150x39.png 150w\" sizes=\"auto, (max-width: 193px) 100vw, 193px\" \/><\/span><\/p>\n<p>Pague sus pedidos c\u00f3modamente a trav\u00e9s de la plataforma MBWay, en su computadora o en la aplicaci\u00f3n. La referencia es generada por la plataforma ifthenpay.[\/vc_column_text][\/vc_column][\/vc_row][vc_row][vc_column width=\u00bb1\/2&#8243;][vc_column_text woodmart_inline=\u00bbno\u00bb text_larger=\u00bbno\u00bb]<span style=\"font-weight: 400;\"><img loading=\"lazy\" decoding=\"async\" class=\"alignnone wp-image-7734\" src=\"https:\/\/famatoyz.com\/wp-content\/uploads\/2021\/06\/paypal.png\" alt=\"\" width=\"172\" height=\"61\" \/> \u00a0 <img loading=\"lazy\" decoding=\"async\" class=\"alignnone wp-image-7785\" src=\"https:\/\/famatoyz.com\/wp-content\/uploads\/2021\/06\/VISA-Logo-1-300x188.png\" alt=\"\" width=\"83\" height=\"53\" \/>\u00a0\u00a0<img loading=\"lazy\" decoding=\"async\" class=\"alignnone\" src=\"https:\/\/marcas-logos.net\/wp-content\/uploads\/2020\/03\/Mastercard-Logo-1.png\" alt=\"Logo MasterCard: valor, hist\u00f3ria, png, vector\" width=\"80\" height=\"50\" \/><\/span><\/p>\n<p>Pague sus pedidos c\u00f3modamente con PayPal, tarjeta de cr\u00e9dito o d\u00e9bito, luego de la confirmaci\u00f3n del pedido, ser\u00e1 redirigido a una p\u00e1gina segura de Paypal, donde se le solicitar\u00e1 que ingrese los datos para proceder con el pago del pedido. En esta opci\u00f3n, FAMA TOYZ no tiene acceso a sus datos bancarios.[\/vc_column_text][\/vc_column][\/vc_row]<\/p>\n<\/div>","protected":false},"excerpt":{"rendered":"<p>[vc_row][vc_column width=\u00bb1\/2&#8243;][vc_column_text woodmart_inline=\u00bbno\u00bb text_larger=\u00bbno\u00bb]\u00a0\u00a0\u00a0 \u00a0 Paga tus pedidos c\u00f3modamente en cualquier m\u00e1quina de pago autom\u00e1tico o mediante homebanking. Al elegir<\/p>\n","protected":false},"author":1,"featured_media":0,"parent":0,"menu_order":0,"comment_status":"closed","ping_status":"closed","template":"","meta":{"_joinchat":[],"footnotes":""},"class_list":["post-15397","page","type-page","status-publish","hentry"],"_links":{"self":[{"href":"https:\/\/famatoyz.com\/es\/wp-json\/wp\/v2\/pages\/15397","targetHints":{"allow":["GET"]}}],"collection":[{"href":"https:\/\/famatoyz.com\/es\/wp-json\/wp\/v2\/pages"}],"about":[{"href":"https:\/\/famatoyz.com\/es\/wp-json\/wp\/v2\/types\/page"}],"author":[{"embeddable":true,"href":"https:\/\/famatoyz.com\/es\/wp-json\/wp\/v2\/users\/1"}],"replies":[{"embeddable":true,"href":"https:\/\/famatoyz.com\/es\/wp-json\/wp\/v2\/comments?post=15397"}],"version-history":[{"count":2,"href":"https:\/\/famatoyz.com\/es\/wp-json\/wp\/v2\/pages\/15397\/revisions"}],"predecessor-version":[{"id":15399,"href":"https:\/\/famatoyz.com\/es\/wp-json\/wp\/v2\/pages\/15397\/revisions\/15399"}],"wp:attachment":[{"href":"https:\/\/famatoyz.com\/es\/wp-json\/wp\/v2\/media?parent=15397"}],"curies":[{"name":"wp","href":"https:\/\/api.w.org\/{rel}","templated":true}]}}